{"id":2573,"date":"2026-03-04T14:16:24","date_gmt":"2026-03-04T14:16:24","guid":{"rendered":"https:\/\/equipo18.com\/blog\/"},"modified":"2026-04-21T15:13:55","modified_gmt":"2026-04-21T15:13:55","slug":"blog","status":"publish","type":"page","link":"https:\/\/equipo18.com\/en\/blog\/","title":{"rendered":"Blog"},"content":{"rendered":"\t\t<div data-elementor-type=\"wp-page\" data-elementor-id=\"2573\" class=\"elementor elementor-2573 elementor-39\" data-elementor-post-type=\"page\">\n\t\t\t\t<div class=\"elementor-element elementor-element-9b6c15c e-flex e-con-boxed e-con e-parent\" data-id=\"9b6c15c\" data-element_type=\"container\" data-e-type=\"container\" data-settings=\"{&quot;background_background&quot;:&quot;classic&quot;}\">\n\t\t\t\t\t<div class=\"e-con-inner\">\n\t\t\t\t<div class=\"elementor-element elementor-element-a81b648 elementor-widget elementor-widget-heading\" data-id=\"a81b648\" data-element_type=\"widget\" data-e-type=\"widget\" data-widget_type=\"heading.default\">\n\t\t\t\t\t<h1 class=\"elementor-heading-title elementor-size-default\">BLOG<\/h1>\t\t\t\t<\/div>\n\t\t\t\t\t<\/div>\n\t\t\t\t<\/div>\n\t\t<div class=\"elementor-element elementor-element-0f4d25b e-flex e-con-boxed e-con e-parent\" data-id=\"0f4d25b\" data-element_type=\"container\" data-e-type=\"container\">\n\t\t\t\t\t<div class=\"e-con-inner\">\n\t\t\t\t<div class=\"elementor-element elementor-element-81c3c24 elementor-grid-3 elementor-grid-tablet-2 elementor-grid-mobile-1 elementor-posts--thumbnail-top elementor-widget elementor-widget-posts\" data-id=\"81c3c24\" data-element_type=\"widget\" data-e-type=\"widget\" data-settings=\"{&quot;pagination_type&quot;:&quot;load_more_infinite_scroll&quot;,&quot;classic_columns&quot;:&quot;3&quot;,&quot;classic_columns_tablet&quot;:&quot;2&quot;,&quot;classic_columns_mobile&quot;:&quot;1&quot;,&quot;classic_row_gap&quot;:{&quot;unit&quot;:&quot;px&quot;,&quot;size&quot;:35,&quot;sizes&quot;:[]},&quot;classic_row_gap_tablet&quot;:{&quot;unit&quot;:&quot;px&quot;,&quot;size&quot;:&quot;&quot;,&quot;sizes&quot;:[]},&quot;classic_row_gap_mobile&quot;:{&quot;unit&quot;:&quot;px&quot;,&quot;size&quot;:&quot;&quot;,&quot;sizes&quot;:[]},&quot;load_more_spinner&quot;:{&quot;value&quot;:&quot;fas fa-spinner&quot;,&quot;library&quot;:&quot;fa-solid&quot;}}\" data-widget_type=\"posts.classic\">\n\t\t\t\t<div class=\"elementor-widget-container\">\n\t\t\t\t\t\t\t<div class=\"elementor-posts-container elementor-posts elementor-posts--skin-classic elementor-grid\" role=\"list\">\n\t\t\t\t<article class=\"elementor-post elementor-grid-item post-2662 post type-post status-publish format-standard has-post-thumbnail hentry category-sin-categorizar\" role=\"listitem\">\n\t\t\t\t<a class=\"elementor-post__thumbnail__link\" href=\"https:\/\/equipo18.com\/en\/renovate-or-buy-new-construction-in-madrid\/\" tabindex=\"-1\" >\n\t\t\t<div class=\"elementor-post__thumbnail\"><img fetchpriority=\"high\" decoding=\"async\" width=\"1920\" height=\"2560\" src=\"https:\/\/equipo18.com\/wp-content\/uploads\/2026\/04\/Reformar-o-comprar-obra-nueva-en-Madrid-scaled.jpeg\" class=\"attachment-full size-full wp-image-2659\" alt=\"\" srcset=\"https:\/\/equipo18.com\/wp-content\/uploads\/2026\/04\/Reformar-o-comprar-obra-nueva-en-Madrid-scaled.jpeg 1920w, https:\/\/equipo18.com\/wp-content\/uploads\/2026\/04\/Reformar-o-comprar-obra-nueva-en-Madrid-225x300.jpeg 225w, https:\/\/equipo18.com\/wp-content\/uploads\/2026\/04\/Reformar-o-comprar-obra-nueva-en-Madrid-768x1024.jpeg 768w, https:\/\/equipo18.com\/wp-content\/uploads\/2026\/04\/Reformar-o-comprar-obra-nueva-en-Madrid-1152x1536.jpeg 1152w, https:\/\/equipo18.com\/wp-content\/uploads\/2026\/04\/Reformar-o-comprar-obra-nueva-en-Madrid-1536x2048.jpeg 1536w\" sizes=\"(max-width: 1920px) 100vw, 1920px\" \/><\/div>\n\t\t<\/a>\n\t\t\t\t<div class=\"elementor-post__text\">\n\t\t\t\t<h3 class=\"elementor-post__title\">\n\t\t\t<a href=\"https:\/\/equipo18.com\/en\/renovate-or-buy-new-construction-in-madrid\/\" >\n\t\t\t\tRenovate or buy new construction in Madrid\t\t\t<\/a>\n\t\t<\/h3>\n\t\t\t\t<div class=\"elementor-post__meta-data\">\n\t\t\t\t\t<span class=\"elementor-post-date\">\n\t\t\t20 de April de 2026\t\t<\/span>\n\t\t\t\t<\/div>\n\t\t\t\t<div class=\"elementor-post__excerpt\">\n\t\t\t<p>Discover advantages, disadvantages, and which option may be best based on your budget and real estate goals.<\/p>\n\t\t<\/div>\n\t\t\n\t\t<a class=\"elementor-post__read-more\" href=\"https:\/\/equipo18.com\/en\/renovate-or-buy-new-construction-in-madrid\/\" aria-label=\"Read more about Renovate or buy new construction in Madrid\" tabindex=\"-1\" >\n\t\t\tRead More \u00bb\t\t<\/a>\n\n\t\t\t\t<\/div>\n\t\t\t\t<\/article>\n\t\t\t\t<article class=\"elementor-post elementor-grid-item post-2550 post type-post status-publish format-standard has-post-thumbnail hentry category-sin-categorizar\" role=\"listitem\">\n\t\t\t\t<a class=\"elementor-post__thumbnail__link\" href=\"https:\/\/equipo18.com\/en\/real-estate-personal-shopper\/\" tabindex=\"-1\" >\n\t\t\t<div class=\"elementor-post__thumbnail\"><img decoding=\"async\" width=\"1600\" height=\"1162\" src=\"https:\/\/equipo18.com\/wp-content\/uploads\/2025\/02\/equipo18blog.jpg\" class=\"attachment-full size-full wp-image-1713\" alt=\"\" srcset=\"https:\/\/equipo18.com\/wp-content\/uploads\/2025\/02\/equipo18blog.jpg 1600w, https:\/\/equipo18.com\/wp-content\/uploads\/2025\/02\/equipo18blog-300x218.jpg 300w, https:\/\/equipo18.com\/wp-content\/uploads\/2025\/02\/equipo18blog-1024x744.jpg 1024w, https:\/\/equipo18.com\/wp-content\/uploads\/2025\/02\/equipo18blog-768x558.jpg 768w, https:\/\/equipo18.com\/wp-content\/uploads\/2025\/02\/equipo18blog-1536x1116.jpg 1536w\" sizes=\"(max-width: 1600px) 100vw, 1600px\" \/><\/div>\n\t\t<\/a>\n\t\t\t\t<div class=\"elementor-post__text\">\n\t\t\t\t<h3 class=\"elementor-post__title\">\n\t\t\t<a href=\"https:\/\/equipo18.com\/en\/real-estate-personal-shopper\/\" >\n\t\t\t\tBuying Property from Abroad: The Solution with a Real Estate Personal Shopper\t\t\t<\/a>\n\t\t<\/h3>\n\t\t\t\t<div class=\"elementor-post__meta-data\">\n\t\t\t\t\t<span class=\"elementor-post-date\">\n\t\t\t25 de February de 2025\t\t<\/span>\n\t\t\t\t<\/div>\n\t\t\t\t<div class=\"elementor-post__excerpt\">\n\t\t\t<p>Buying a property in another country can seem like an overwhelming challenge. Distance, unfamiliarity with the local market, and bureaucracy can make the process complicated and time-consuming. However, there is an efficient and personalized solution: hiring a real estate personal shopper. If you live abroad and want to purchase a<\/p>\n\t\t<\/div>\n\t\t\n\t\t<a class=\"elementor-post__read-more\" href=\"https:\/\/equipo18.com\/en\/real-estate-personal-shopper\/\" aria-label=\"Read more about Buying Property from Abroad: The Solution with a Real Estate Personal Shopper\" tabindex=\"-1\" >\n\t\t\tRead More \u00bb\t\t<\/a>\n\n\t\t\t\t<\/div>\n\t\t\t\t<\/article>\n\t\t\t\t<article class=\"elementor-post elementor-grid-item post-2556 post type-post status-publish format-standard has-post-thumbnail hentry category-sin-categorizar\" role=\"listitem\">\n\t\t\t\t<a class=\"elementor-post__thumbnail__link\" href=\"https:\/\/equipo18.com\/en\/insonorizacion-reformas-integrales\/\" tabindex=\"-1\" >\n\t\t\t<div class=\"elementor-post__thumbnail\"><img decoding=\"async\" width=\"1024\" height=\"675\" src=\"https:\/\/equipo18.com\/wp-content\/uploads\/2026\/03\/insonorizacion-reformas-integrales.jpg\" class=\"attachment-full size-full wp-image-1710\" alt=\"\" srcset=\"https:\/\/equipo18.com\/wp-content\/uploads\/2026\/03\/insonorizacion-reformas-integrales.jpg 1024w, https:\/\/equipo18.com\/wp-content\/uploads\/2026\/03\/insonorizacion-reformas-integrales-300x198.jpg 300w, https:\/\/equipo18.com\/wp-content\/uploads\/2026\/03\/insonorizacion-reformas-integrales-768x506.jpg 768w\" sizes=\"(max-width: 1024px) 100vw, 1024px\" \/><\/div>\n\t\t<\/a>\n\t\t\t\t<div class=\"elementor-post__text\">\n\t\t\t\t<h3 class=\"elementor-post__title\">\n\t\t\t<a href=\"https:\/\/equipo18.com\/en\/insonorizacion-reformas-integrales\/\" >\n\t\t\t\tThe Importance of Soundproofing in Your Home When Undertaking a Full Renovation or Building a New Property\t\t\t<\/a>\n\t\t<\/h3>\n\t\t\t\t<div class=\"elementor-post__meta-data\">\n\t\t\t\t\t<span class=\"elementor-post-date\">\n\t\t\t3 de February de 2025\t\t<\/span>\n\t\t\t\t<\/div>\n\t\t\t\t<div class=\"elementor-post__excerpt\">\n\t\t\t<p>When we think about carrying out a full renovation, the first things that come to mind are improving aesthetics, functionality, or layout. However, there is one element that is often overlooked and can make a major difference in your quality of life: acoustics. Incorporating acoustic solutions during a renovation is<\/p>\n\t\t<\/div>\n\t\t\n\t\t<a class=\"elementor-post__read-more\" href=\"https:\/\/equipo18.com\/en\/insonorizacion-reformas-integrales\/\" aria-label=\"Read more about The Importance of Soundproofing in Your Home When Undertaking a Full Renovation or Building a New Property\" tabindex=\"-1\" >\n\t\t\tRead More \u00bb\t\t<\/a>\n\n\t\t\t\t<\/div>\n\t\t\t\t<\/article>\n\t\t\t\t<article class=\"elementor-post elementor-grid-item post-2560 post type-post status-publish format-standard has-post-thumbnail hentry category-sin-categorizar\" role=\"listitem\">\n\t\t\t\t<a class=\"elementor-post__thumbnail__link\" href=\"https:\/\/equipo18.com\/en\/por-que-las-reformas-integrales-son-clave-para-revalorizar-tu-propiedad\/\" tabindex=\"-1\" >\n\t\t\t<div class=\"elementor-post__thumbnail\"><img loading=\"lazy\" decoding=\"async\" width=\"2560\" height=\"1920\" src=\"https:\/\/equipo18.com\/wp-content\/uploads\/2024\/09\/IMG_6724-scaled.jpg\" class=\"attachment-full size-full wp-image-1712\" alt=\"\" srcset=\"https:\/\/equipo18.com\/wp-content\/uploads\/2024\/09\/IMG_6724-scaled.jpg 2560w, https:\/\/equipo18.com\/wp-content\/uploads\/2024\/09\/IMG_6724-300x225.jpg 300w, https:\/\/equipo18.com\/wp-content\/uploads\/2024\/09\/IMG_6724-1024x768.jpg 1024w, https:\/\/equipo18.com\/wp-content\/uploads\/2024\/09\/IMG_6724-768x576.jpg 768w, https:\/\/equipo18.com\/wp-content\/uploads\/2024\/09\/IMG_6724-1536x1152.jpg 1536w, https:\/\/equipo18.com\/wp-content\/uploads\/2024\/09\/IMG_6724-2048x1536.jpg 2048w\" sizes=\"(max-width: 2560px) 100vw, 2560px\" \/><\/div>\n\t\t<\/a>\n\t\t\t\t<div class=\"elementor-post__text\">\n\t\t\t\t<h3 class=\"elementor-post__title\">\n\t\t\t<a href=\"https:\/\/equipo18.com\/en\/por-que-las-reformas-integrales-son-clave-para-revalorizar-tu-propiedad\/\" >\n\t\t\t\tWhy Full Renovations Are Key to Increasing Your Property\u2019s Value\t\t\t<\/a>\n\t\t<\/h3>\n\t\t\t\t<div class=\"elementor-post__meta-data\">\n\t\t\t\t\t<span class=\"elementor-post-date\">\n\t\t\t13 de September de 2024\t\t<\/span>\n\t\t\t\t<\/div>\n\t\t\t\t<div class=\"elementor-post__excerpt\">\n\t\t\t<p>In the real estate world, the phrase \u201clocation, location, location\u201d is often the mantra everyone repeats. However, in an increasingly competitive market, buyers are also paying close attention to the condition and design of properties. This is where full renovations come into play, offering an effective way to increase your<\/p>\n\t\t<\/div>\n\t\t\n\t\t<a class=\"elementor-post__read-more\" href=\"https:\/\/equipo18.com\/en\/por-que-las-reformas-integrales-son-clave-para-revalorizar-tu-propiedad\/\" aria-label=\"Read more about Why Full Renovations Are Key to Increasing Your Property\u2019s Value\" tabindex=\"-1\" >\n\t\t\tRead More \u00bb\t\t<\/a>\n\n\t\t\t\t<\/div>\n\t\t\t\t<\/article>\n\t\t\t\t<\/div>\n\t\t\t\t\t<span class=\"e-load-more-spinner\">\n\t\t\t\t<svg aria-hidden=\"true\" class=\"e-font-icon-svg e-fas-spinner\" viewBox=\"0 0 512 512\" xmlns=\"http:\/\/www.w3.org\/2000\/svg\"><path d=\"M304 48c0 26.51-21.49 48-48 48s-48-21.49-48-48 21.49-48 48-48 48 21.49 48 48zm-48 368c-26.51 0-48 21.49-48 48s21.49 48 48 48 48-21.49 48-48-21.49-48-48-48zm208-208c-26.51 0-48 21.49-48 48s21.49 48 48 48 48-21.49 48-48-21.49-48-48-48zM96 256c0-26.51-21.49-48-48-48S0 229.49 0 256s21.49 48 48 48 48-21.49 48-48zm12.922 99.078c-26.51 0-48 21.49-48 48s21.49 48 48 48 48-21.49 48-48c0-26.509-21.491-48-48-48zm294.156 0c-26.51 0-48 21.49-48 48s21.49 48 48 48 48-21.49 48-48c0-26.509-21.49-48-48-48zM108.922 60.922c-26.51 0-48 21.49-48 48s21.49 48 48 48 48-21.49 48-48-21.491-48-48-48z\"><\/path><\/svg>\t\t\t<\/span>\n\t\t\n\t\t\t\t\t\t<\/div>\n\t\t\t\t<\/div>\n\t\t\t\t\t<\/div>\n\t\t\t\t<\/div>\n\t\t\t\t<\/div>\n\t\t","protected":false},"excerpt":{"rendered":"<p>BLOG<\/p>\n","protected":false},"author":1,"featured_media":0,"parent":0,"menu_order":0,"comment_status":"closed","ping_status":"closed","template":"","meta":{"_joinchat":[],"footnotes":""},"class_list":["post-2573","page","type-page","status-publish","hentry"],"yoast_head":"<!-- This site is optimized with the Yoast SEO plugin v27.4 - https:\/\/yoast.com\/product\/yoast-seo-wordpress\/ -->\n<title>Blog | Equipo 18 | Asesores Inmobiliarios<\/title>\n<meta name=\"description\" content=\"Informaci\u00f3n \u00fatil sobre compra de propiedades, inversi\u00f3n inmobiliaria y reformas integrales. Lee m\u00e1s aqu\u00ed\" \/>\n<meta name=\"robots\" content=\"index, follow, max-snippet:-1, max-image-preview:large, max-video-preview:-1\" \/>\n<link rel=\"canonical\" href=\"https:\/\/equipo18.com\/en\/blog\/\" \/>\n<meta property=\"og:locale\" content=\"en_US\" \/>\n<meta property=\"og:type\" content=\"article\" \/>\n<meta property=\"og:title\" content=\"Blog | Equipo 18 | Asesores Inmobiliarios\" \/>\n<meta property=\"og:description\" content=\"Informaci\u00f3n \u00fatil sobre compra de propiedades, inversi\u00f3n inmobiliaria y reformas integrales. Lee m\u00e1s aqu\u00ed\" \/>\n<meta property=\"og:url\" content=\"https:\/\/equipo18.com\/en\/blog\/\" \/>\n<meta property=\"og:site_name\" content=\"equipo18.com\" \/>\n<meta property=\"article:modified_time\" content=\"2026-04-21T15:13:55+00:00\" \/>\n<meta name=\"twitter:card\" content=\"summary_large_image\" \/>\n<meta name=\"twitter:label1\" content=\"Est. reading time\" \/>\n\t<meta name=\"twitter:data1\" content=\"3 minutes\" \/>\n<!-- \/ Yoast SEO plugin. -->","yoast_head_json":{"title":"Blog | Equipo 18 | Asesores Inmobiliarios","description":"Informaci\u00f3n \u00fatil sobre compra de propiedades, inversi\u00f3n inmobiliaria y reformas integrales. Lee m\u00e1s aqu\u00ed","robots":{"index":"index","follow":"follow","max-snippet":"max-snippet:-1","max-image-preview":"max-image-preview:large","max-video-preview":"max-video-preview:-1"},"canonical":"https:\/\/equipo18.com\/en\/blog\/","og_locale":"en_US","og_type":"article","og_title":"Blog | Equipo 18 | Asesores Inmobiliarios","og_description":"Informaci\u00f3n \u00fatil sobre compra de propiedades, inversi\u00f3n inmobiliaria y reformas integrales. Lee m\u00e1s aqu\u00ed","og_url":"https:\/\/equipo18.com\/en\/blog\/","og_site_name":"equipo18.com","article_modified_time":"2026-04-21T15:13:55+00:00","twitter_card":"summary_large_image","twitter_misc":{"Est. reading time":"3 minutes"},"schema":{"@context":"https:\/\/schema.org","@graph":[{"@type":"WebPage","@id":"https:\/\/equipo18.com\/en\/blog\/","url":"https:\/\/equipo18.com\/en\/blog\/","name":"Blog | Equipo 18 | Asesores Inmobiliarios","isPartOf":{"@id":"https:\/\/equipo18.com\/#website"},"datePublished":"2026-03-04T14:16:24+00:00","dateModified":"2026-04-21T15:13:55+00:00","description":"Informaci\u00f3n \u00fatil sobre compra de propiedades, inversi\u00f3n inmobiliaria y reformas integrales. Lee m\u00e1s aqu\u00ed","breadcrumb":{"@id":"https:\/\/equipo18.com\/en\/blog\/#breadcrumb"},"inLanguage":"en-US","potentialAction":[{"@type":"ReadAction","target":["https:\/\/equipo18.com\/en\/blog\/"]}]},{"@type":"BreadcrumbList","@id":"https:\/\/equipo18.com\/en\/blog\/#breadcrumb","itemListElement":[{"@type":"ListItem","position":1,"name":"Home","item":"https:\/\/equipo18.com\/en\/"},{"@type":"ListItem","position":2,"name":"Blog"}]},{"@type":"WebSite","@id":"https:\/\/equipo18.com\/#website","url":"https:\/\/equipo18.com\/","name":"equipo18.com","description":"Equipo 18 - Team 18: L\u00edderes en Dise\u00f1o, Ejecuci\u00f3n de Obras, Reformas Integrales e Intermediaci\u00f3n Inmobiliaria","potentialAction":[{"@type":"SearchAction","target":{"@type":"EntryPoint","urlTemplate":"https:\/\/equipo18.com\/?s={search_term_string}"},"query-input":{"@type":"PropertyValueSpecification","valueRequired":true,"valueName":"search_term_string"}}],"inLanguage":"en-US"}]}},"_links":{"self":[{"href":"https:\/\/equipo18.com\/en\/wp-json\/wp\/v2\/pages\/2573","targetHints":{"allow":["GET"]}}],"collection":[{"href":"https:\/\/equipo18.com\/en\/wp-json\/wp\/v2\/pages"}],"about":[{"href":"https:\/\/equipo18.com\/en\/wp-json\/wp\/v2\/types\/page"}],"author":[{"embeddable":true,"href":"https:\/\/equipo18.com\/en\/wp-json\/wp\/v2\/users\/1"}],"replies":[{"embeddable":true,"href":"https:\/\/equipo18.com\/en\/wp-json\/wp\/v2\/comments?post=2573"}],"version-history":[{"count":7,"href":"https:\/\/equipo18.com\/en\/wp-json\/wp\/v2\/pages\/2573\/revisions"}],"predecessor-version":[{"id":2699,"href":"https:\/\/equipo18.com\/en\/wp-json\/wp\/v2\/pages\/2573\/revisions\/2699"}],"wp:attachment":[{"href":"https:\/\/equipo18.com\/en\/wp-json\/wp\/v2\/media?parent=2573"}],"curies":[{"name":"wp","href":"https:\/\/api.w.org\/{rel}","templated":true}]}}