{"id":1428,"date":"2026-03-04T14:13:49","date_gmt":"2026-03-04T14:13:49","guid":{"rendered":"https:\/\/equipo18.com\/nosotros\/"},"modified":"2026-03-20T20:57:23","modified_gmt":"2026-03-20T20:57:23","slug":"about-us","status":"publish","type":"page","link":"https:\/\/equipo18.com\/en\/about-us\/","title":{"rendered":"About Us"},"content":{"rendered":"\t\t<div data-elementor-type=\"wp-page\" data-elementor-id=\"1428\" class=\"elementor elementor-1428\" data-elementor-post-type=\"page\">\n\t\t\t\t<div class=\"elementor-element elementor-element-ddfb98a e-flex e-con-boxed e-con e-parent\" data-id=\"ddfb98a\" data-element_type=\"container\" data-e-type=\"container\" data-settings=\"{&quot;background_background&quot;:&quot;classic&quot;}\">\n\t\t\t\t\t<div class=\"e-con-inner\">\n\t\t\t\t<div class=\"elementor-element elementor-element-c52f4d2 elementor-widget elementor-widget-heading\" data-id=\"c52f4d2\" data-element_type=\"widget\" data-e-type=\"widget\" data-widget_type=\"heading.default\">\n\t\t\t\t\t<h1 class=\"elementor-heading-title elementor-size-default\">ABOUT US<\/h1>\t\t\t\t<\/div>\n\t\t\t\t<div class=\"elementor-element elementor-element-01400ab elementor-align-center elementor-widget elementor-widget-breadcrumbs\" data-id=\"01400ab\" data-element_type=\"widget\" data-e-type=\"widget\" data-widget_type=\"breadcrumbs.default\">\n\t\t\t\t\t<p id=\"breadcrumbs\"><span><span><a href=\"https:\/\/equipo18.com\/en\/\">Home<\/a><\/span><\/span><\/p>\t\t\t\t<\/div>\n\t\t\t\t\t<\/div>\n\t\t\t\t<\/div>\n\t\t<div class=\"elementor-element elementor-element-457a0be e-flex e-con-boxed e-con e-parent\" data-id=\"457a0be\" data-element_type=\"container\" data-e-type=\"container\">\n\t\t\t\t\t<div class=\"e-con-inner\">\n\t\t<div class=\"elementor-element elementor-element-cc73fde e-con-full e-flex elementor-invisible e-con e-child\" data-id=\"cc73fde\" data-element_type=\"container\" data-e-type=\"container\" data-settings=\"{&quot;animation&quot;:&quot;fadeInLeft&quot;}\">\n\t\t\t\t<div class=\"elementor-element elementor-element-9acef0f elementor-widget elementor-widget-heading\" data-id=\"9acef0f\" data-element_type=\"widget\" data-e-type=\"widget\" data-widget_type=\"heading.default\">\n\t\t\t\t\t<h2 class=\"elementor-heading-title elementor-size-default\">Our Story<\/h2>\t\t\t\t<\/div>\n\t\t\t\t<div class=\"elementor-element elementor-element-13178ce elementor-widget elementor-widget-text-editor\" data-id=\"13178ce\" data-element_type=\"widget\" data-e-type=\"widget\" data-widget_type=\"text-editor.default\">\n\t\t\t\t\t\t\t\t\t<p>\u00a0Team 18 Group traces its roots back to 1980, establishing itself with a steadfast commitment to excellence in architecture and the flawless execution of construction and renovations. Over the years, it has cultivated a distinctive style that has earned notable recognition in the competitive real estate market.<\/p>\n<p>With an extensive track record, Team 18 has participated in over 60 real estate developments across various countries. From land acquisition to the legal structuring for investors involved in each project, the company has managed the comprehensive development of architectural projects and the execution of constructions, demonstrating meticulous attention to detail and unmatched dedication.<\/p>\n<p>In addition to its prominent role in design and construction, Team 18 has also excelled in the commercial market, handling both sales and rentals of properties developed in its own projects as well as those represented on behalf of its clients.<\/p>\n<p>Team 18\u2019s vision is synonymous with innovation, quality, and professionalism at every stage of the real estate process. With a global perspective and a network of highly skilled collaborators, the company stands as a trusted leader in the real estate sector, demonstrating a solid commitment to client satisfaction and long-term sustainable success.<\/p>\t\t\t\t\t\t\t\t<\/div>\n\t\t\t\t<\/div>\n\t\t<div class=\"elementor-element elementor-element-7101c01 e-con-full e-flex e-con e-child\" data-id=\"7101c01\" data-element_type=\"container\" data-e-type=\"container\">\n\t\t\t\t<div class=\"elementor-element elementor-element-f3e81c8 elementor-widget elementor-widget-image\" data-id=\"f3e81c8\" data-element_type=\"widget\" data-e-type=\"widget\" data-widget_type=\"image.default\">\n\t\t\t\t\t\t\t\t\t\t\t\t\t\t\t<img fetchpriority=\"high\" decoding=\"async\" width=\"999\" height=\"1200\" src=\"https:\/\/equipo18.com\/wp-content\/uploads\/2026\/03\/Edificio-E18.jpg\" class=\"attachment-full size-full wp-image-1732\" alt=\"\" srcset=\"https:\/\/equipo18.com\/wp-content\/uploads\/2026\/03\/Edificio-E18.jpg 999w, https:\/\/equipo18.com\/wp-content\/uploads\/2026\/03\/Edificio-E18-250x300.jpg 250w, https:\/\/equipo18.com\/wp-content\/uploads\/2026\/03\/Edificio-E18-852x1024.jpg 852w, https:\/\/equipo18.com\/wp-content\/uploads\/2026\/03\/Edificio-E18-768x923.jpg 768w\" sizes=\"(max-width: 999px) 100vw, 999px\" \/>\t\t\t\t\t\t\t\t\t\t\t\t\t\t\t<\/div>\n\t\t\t\t<\/div>\n\t\t\t\t\t<\/div>\n\t\t\t\t<\/div>\n\t\t<div class=\"elementor-element elementor-element-a13aaf1 e-flex e-con-boxed e-con e-parent\" data-id=\"a13aaf1\" data-element_type=\"container\" data-e-type=\"container\">\n\t\t\t\t\t<div class=\"e-con-inner\">\n\t\t<div class=\"elementor-element elementor-element-e77d30d e-con-full e-flex e-con e-child\" data-id=\"e77d30d\" data-element_type=\"container\" data-e-type=\"container\">\n\t\t\t\t<div class=\"elementor-element elementor-element-d7c949f elementor-widget elementor-widget-image\" data-id=\"d7c949f\" data-element_type=\"widget\" data-e-type=\"widget\" data-widget_type=\"image.default\">\n\t\t\t\t\t\t\t\t\t\t\t\t\t\t\t<img decoding=\"async\" width=\"600\" height=\"401\" src=\"https:\/\/equipo18.com\/wp-content\/uploads\/2026\/03\/IMG_6417.jpg\" class=\"attachment-large size-large wp-image-1731\" alt=\"\" srcset=\"https:\/\/equipo18.com\/wp-content\/uploads\/2026\/03\/IMG_6417.jpg 600w, https:\/\/equipo18.com\/wp-content\/uploads\/2026\/03\/IMG_6417-300x201.jpg 300w\" sizes=\"(max-width: 600px) 100vw, 600px\" \/>\t\t\t\t\t\t\t\t\t\t\t\t\t\t\t<\/div>\n\t\t\t\t<\/div>\n\t\t<div class=\"elementor-element elementor-element-a06a65b e-con-full e-flex elementor-invisible e-con e-child\" data-id=\"a06a65b\" data-element_type=\"container\" data-e-type=\"container\" data-settings=\"{&quot;animation&quot;:&quot;fadeInRight&quot;}\">\n\t\t\t\t<div class=\"elementor-element elementor-element-24e4573 elementor-widget elementor-widget-heading\" data-id=\"24e4573\" data-element_type=\"widget\" data-e-type=\"widget\" data-widget_type=\"heading.default\">\n\t\t\t\t\t<h2 class=\"elementor-heading-title elementor-size-default\">Our Mission<\/h2>\t\t\t\t<\/div>\n\t\t\t\t<div class=\"elementor-element elementor-element-bc31ced elementor-widget elementor-widget-text-editor\" data-id=\"bc31ced\" data-element_type=\"widget\" data-e-type=\"widget\" data-widget_type=\"text-editor.default\">\n\t\t\t\t\t\t\t\t\t<p>Team 18\u2019s core philosophy is to integrate architecture with the dynamism of the real estate business through a meticulous process that spans from the promotion phase to the final sale.<\/p>\n<p>Our vision extends beyond mere construction; we are committed to forging a harmonious connection between cutting-edge architectural aesthetics and commercial strategy, ensuring that each project is conceived, designed, built, and marketed with a holistic approach. With Team 18, you don\u2019t just experience a real estate development cycle, but a cohesive symphony of creativity, efficiency, and commercial success.<\/p>\t\t\t\t\t\t\t\t<\/div>\n\t\t\t\t<\/div>\n\t\t\t\t\t<\/div>\n\t\t\t\t<\/div>\n\t\t<div class=\"elementor-element elementor-element-122dc41 e-flex e-con-boxed e-con e-parent\" data-id=\"122dc41\" data-element_type=\"container\" data-e-type=\"container\">\n\t\t\t\t\t<div class=\"e-con-inner\">\n\t\t\t\t<div class=\"elementor-element elementor-element-e8b9797 elementor-widget elementor-widget-heading\" data-id=\"e8b9797\" data-element_type=\"widget\" data-e-type=\"widget\" data-widget_type=\"heading.default\">\n\t\t\t\t\t<h2 class=\"elementor-heading-title elementor-size-default\">Our Group of Companies<\/h2>\t\t\t\t<\/div>\n\t\t\t\t\t<\/div>\n\t\t\t\t<\/div>\n\t\t<div class=\"elementor-element elementor-element-a08b85a e-flex e-con-boxed e-con e-parent\" data-id=\"a08b85a\" data-element_type=\"container\" data-e-type=\"container\">\n\t\t\t\t\t<div class=\"e-con-inner\">\n\t\t<div class=\"elementor-element elementor-element-d70e118 e-con-full e-flex elementor-invisible e-con e-child\" data-id=\"d70e118\" data-element_type=\"container\" data-e-type=\"container\" data-settings=\"{&quot;animation&quot;:&quot;zoomIn&quot;}\">\n\t\t\t\t<div class=\"elementor-element elementor-element-823e994 elementor-widget elementor-widget-heading\" data-id=\"823e994\" data-element_type=\"widget\" data-e-type=\"widget\" data-widget_type=\"heading.default\">\n\t\t\t\t\t<h6 class=\"elementor-heading-title elementor-size-default\">TEAM 18 REAL ESTATE LLC<\/h6>\t\t\t\t<\/div>\n\t\t\t\t<div class=\"elementor-element elementor-element-c49d895 elementor-widget elementor-widget-heading\" data-id=\"c49d895\" data-element_type=\"widget\" data-e-type=\"widget\" data-widget_type=\"heading.default\">\n\t\t\t\t\t<h6 class=\"elementor-heading-title elementor-size-default\">MIAMI<\/h6>\t\t\t\t<\/div>\n\t\t\t\t<\/div>\n\t\t<div class=\"elementor-element elementor-element-feba0c8 e-con-full e-flex elementor-invisible e-con e-child\" data-id=\"feba0c8\" data-element_type=\"container\" data-e-type=\"container\" data-settings=\"{&quot;animation&quot;:&quot;zoomIn&quot;,&quot;animation_delay&quot;:150}\">\n\t\t\t\t<div class=\"elementor-element elementor-element-20f5201 elementor-widget elementor-widget-heading\" data-id=\"20f5201\" data-element_type=\"widget\" data-e-type=\"widget\" data-widget_type=\"heading.default\">\n\t\t\t\t\t<h6 class=\"elementor-heading-title elementor-size-default\"> EQUIPO 18 REAL ESTATE, S.R.L.<\/h6>\t\t\t\t<\/div>\n\t\t\t\t<div class=\"elementor-element elementor-element-0ee244d elementor-widget elementor-widget-heading\" data-id=\"0ee244d\" data-element_type=\"widget\" data-e-type=\"widget\" data-widget_type=\"heading.default\">\n\t\t\t\t\t<h6 class=\"elementor-heading-title elementor-size-default\">MADRID<\/h6>\t\t\t\t<\/div>\n\t\t\t\t<\/div>\n\t\t<div class=\"elementor-element elementor-element-33d6bde e-con-full e-flex elementor-invisible e-con e-child\" data-id=\"33d6bde\" data-element_type=\"container\" data-e-type=\"container\" data-settings=\"{&quot;animation&quot;:&quot;zoomIn&quot;,&quot;animation_delay&quot;:300}\">\n\t\t\t\t<div class=\"elementor-element elementor-element-fe15fbc elementor-widget elementor-widget-heading\" data-id=\"fe15fbc\" data-element_type=\"widget\" data-e-type=\"widget\" data-widget_type=\"heading.default\">\n\t\t\t\t\t<h6 class=\"elementor-heading-title elementor-size-default\">BAIT BIENES Y RAICES C.A.<\/h6>\t\t\t\t<\/div>\n\t\t\t\t<div class=\"elementor-element elementor-element-29285c7 elementor-widget elementor-widget-heading\" data-id=\"29285c7\" data-element_type=\"widget\" data-e-type=\"widget\" data-widget_type=\"heading.default\">\n\t\t\t\t\t<h6 class=\"elementor-heading-title elementor-size-default\">CARACAS<\/h6>\t\t\t\t<\/div>\n\t\t\t\t<\/div>\n\t\t<div class=\"elementor-element elementor-element-54aeb54 e-con-full e-flex elementor-invisible e-con e-child\" data-id=\"54aeb54\" data-element_type=\"container\" data-e-type=\"container\" data-settings=\"{&quot;animation&quot;:&quot;zoomIn&quot;,&quot;animation_delay&quot;:450}\">\n\t\t\t\t<div class=\"elementor-element elementor-element-723b09b elementor-widget elementor-widget-heading\" data-id=\"723b09b\" data-element_type=\"widget\" data-e-type=\"widget\" data-widget_type=\"heading.default\">\n\t\t\t\t\t<h6 class=\"elementor-heading-title elementor-size-default\">BAIT REAL ESTATE LLC<\/h6>\t\t\t\t<\/div>\n\t\t\t\t<div class=\"elementor-element elementor-element-95f82a8 elementor-widget elementor-widget-heading\" data-id=\"95f82a8\" data-element_type=\"widget\" data-e-type=\"widget\" data-widget_type=\"heading.default\">\n\t\t\t\t\t<h6 class=\"elementor-heading-title elementor-size-default\">MIAMI<\/h6>\t\t\t\t<\/div>\n\t\t\t\t<\/div>\n\t\t\t\t\t<\/div>\n\t\t\t\t<\/div>\n\t\t\t\t<\/div>\n\t\t","protected":false},"excerpt":{"rendered":"<p>ABOUT US Our Story \u00a0Team 18 Group traces its roots back to 1980, establishing itself with a steadfast commitment to excellence in architecture and the flawless execution of construction and renovations. Over the years, it has cultivated a distinctive style that has earned notable recognition in the competitive real estate market. With an extensive track [&hellip;]<\/p>\n","protected":false},"author":1,"featured_media":0,"parent":0,"menu_order":0,"comment_status":"closed","ping_status":"closed","template":"","meta":{"_joinchat":[],"footnotes":""},"class_list":["post-1428","page","type-page","status-publish","hentry"],"yoast_head":"<!-- This site is optimized with the Yoast SEO plugin v27.4 - https:\/\/yoast.com\/product\/yoast-seo-wordpress\/ -->\n<title>Reformas de Lujo en Madrid | Obra y Reformas | Equipo 18<\/title>\n<meta name=\"description\" content=\"Especialistas en reformas de lujo en Madrid. Conoce al equipo detr\u00e1s de los proyectos que combinan dise\u00f1o exclusivo, eficiencia y atenci\u00f3n personalizada\" \/>\n<meta name=\"robots\" content=\"index, follow, max-snippet:-1, max-image-preview:large, max-video-preview:-1\" \/>\n<link rel=\"canonical\" href=\"https:\/\/equipo18.com\/en\/about-us\/\" \/>\n<meta property=\"og:locale\" content=\"en_US\" \/>\n<meta property=\"og:type\" content=\"article\" \/>\n<meta property=\"og:title\" content=\"Reformas de Lujo en Madrid | Obra y Reformas | Equipo 18\" \/>\n<meta property=\"og:description\" content=\"Especialistas en reformas de lujo en Madrid. Conoce al equipo detr\u00e1s de los proyectos que combinan dise\u00f1o exclusivo, eficiencia y atenci\u00f3n personalizada\" \/>\n<meta property=\"og:url\" content=\"https:\/\/equipo18.com\/en\/about-us\/\" \/>\n<meta property=\"og:site_name\" content=\"equipo18.com\" \/>\n<meta property=\"article:modified_time\" content=\"2026-03-20T20:57:23+00:00\" \/>\n<meta property=\"og:image\" content=\"https:\/\/equipo18.com\/wp-content\/uploads\/2026\/03\/Edificio-E18.jpg\" \/>\n\t<meta property=\"og:image:width\" content=\"999\" \/>\n\t<meta property=\"og:image:height\" content=\"1200\" \/>\n\t<meta property=\"og:image:type\" content=\"image\/jpeg\" \/>\n<meta name=\"twitter:card\" content=\"summary_large_image\" \/>\n<meta name=\"twitter:label1\" content=\"Est. reading time\" \/>\n\t<meta name=\"twitter:data1\" content=\"2 minutes\" \/>\n<!-- \/ Yoast SEO plugin. -->","yoast_head_json":{"title":"Reformas de Lujo en Madrid | Obra y Reformas | Equipo 18","description":"Especialistas en reformas de lujo en Madrid. Conoce al equipo detr\u00e1s de los proyectos que combinan dise\u00f1o exclusivo, eficiencia y atenci\u00f3n personalizada","robots":{"index":"index","follow":"follow","max-snippet":"max-snippet:-1","max-image-preview":"max-image-preview:large","max-video-preview":"max-video-preview:-1"},"canonical":"https:\/\/equipo18.com\/en\/about-us\/","og_locale":"en_US","og_type":"article","og_title":"Reformas de Lujo en Madrid | Obra y Reformas | Equipo 18","og_description":"Especialistas en reformas de lujo en Madrid. Conoce al equipo detr\u00e1s de los proyectos que combinan dise\u00f1o exclusivo, eficiencia y atenci\u00f3n personalizada","og_url":"https:\/\/equipo18.com\/en\/about-us\/","og_site_name":"equipo18.com","article_modified_time":"2026-03-20T20:57:23+00:00","og_image":[{"width":999,"height":1200,"url":"https:\/\/equipo18.com\/wp-content\/uploads\/2026\/03\/Edificio-E18.jpg","type":"image\/jpeg"}],"twitter_card":"summary_large_image","twitter_misc":{"Est. reading time":"2 minutes"},"schema":{"@context":"https:\/\/schema.org","@graph":[{"@type":"WebPage","@id":"https:\/\/equipo18.com\/en\/about-us\/","url":"https:\/\/equipo18.com\/en\/about-us\/","name":"Reformas de Lujo en Madrid | Obra y Reformas | Equipo 18","isPartOf":{"@id":"https:\/\/equipo18.com\/#website"},"primaryImageOfPage":{"@id":"https:\/\/equipo18.com\/en\/about-us\/#primaryimage"},"image":{"@id":"https:\/\/equipo18.com\/en\/about-us\/#primaryimage"},"thumbnailUrl":"https:\/\/equipo18.com\/wp-content\/uploads\/2026\/03\/Edificio-E18.jpg","datePublished":"2026-03-04T14:13:49+00:00","dateModified":"2026-03-20T20:57:23+00:00","description":"Especialistas en reformas de lujo en Madrid. Conoce al equipo detr\u00e1s de los proyectos que combinan dise\u00f1o exclusivo, eficiencia y atenci\u00f3n personalizada","breadcrumb":{"@id":"https:\/\/equipo18.com\/en\/about-us\/#breadcrumb"},"inLanguage":"en-US","potentialAction":[{"@type":"ReadAction","target":["https:\/\/equipo18.com\/en\/about-us\/"]}]},{"@type":"ImageObject","inLanguage":"en-US","@id":"https:\/\/equipo18.com\/en\/about-us\/#primaryimage","url":"https:\/\/equipo18.com\/wp-content\/uploads\/2026\/03\/Edificio-E18.jpg","contentUrl":"https:\/\/equipo18.com\/wp-content\/uploads\/2026\/03\/Edificio-E18.jpg"},{"@type":"BreadcrumbList","@id":"https:\/\/equipo18.com\/en\/about-us\/#breadcrumb","itemListElement":[{"@type":"ListItem","position":1,"name":"Home","item":"https:\/\/equipo18.com\/en\/"},{"@type":"ListItem","position":2,"name":"About Us"}]},{"@type":"WebSite","@id":"https:\/\/equipo18.com\/#website","url":"https:\/\/equipo18.com\/","name":"equipo18.com","description":"Equipo 18 - Team 18: L\u00edderes en Dise\u00f1o, Ejecuci\u00f3n de Obras, Reformas Integrales e Intermediaci\u00f3n Inmobiliaria","potentialAction":[{"@type":"SearchAction","target":{"@type":"EntryPoint","urlTemplate":"https:\/\/equipo18.com\/?s={search_term_string}"},"query-input":{"@type":"PropertyValueSpecification","valueRequired":true,"valueName":"search_term_string"}}],"inLanguage":"en-US"}]}},"_links":{"self":[{"href":"https:\/\/equipo18.com\/en\/wp-json\/wp\/v2\/pages\/1428","targetHints":{"allow":["GET"]}}],"collection":[{"href":"https:\/\/equipo18.com\/en\/wp-json\/wp\/v2\/pages"}],"about":[{"href":"https:\/\/equipo18.com\/en\/wp-json\/wp\/v2\/types\/page"}],"author":[{"embeddable":true,"href":"https:\/\/equipo18.com\/en\/wp-json\/wp\/v2\/users\/1"}],"replies":[{"embeddable":true,"href":"https:\/\/equipo18.com\/en\/wp-json\/wp\/v2\/comments?post=1428"}],"version-history":[{"count":5,"href":"https:\/\/equipo18.com\/en\/wp-json\/wp\/v2\/pages\/1428\/revisions"}],"predecessor-version":[{"id":1495,"href":"https:\/\/equipo18.com\/en\/wp-json\/wp\/v2\/pages\/1428\/revisions\/1495"}],"wp:attachment":[{"href":"https:\/\/equipo18.com\/en\/wp-json\/wp\/v2\/media?parent=1428"}],"curies":[{"name":"wp","href":"https:\/\/api.w.org\/{rel}","templated":true}]}}