{"id":1426,"date":"2026-03-04T14:16:05","date_gmt":"2026-03-04T14:16:05","guid":{"rendered":"https:\/\/equipo18.com\/contacto\/"},"modified":"2026-04-21T08:53:16","modified_gmt":"2026-04-21T08:53:16","slug":"contact","status":"publish","type":"page","link":"https:\/\/equipo18.com\/en\/contact\/","title":{"rendered":"Contact"},"content":{"rendered":"\t\t<div data-elementor-type=\"wp-page\" data-elementor-id=\"1426\" class=\"elementor elementor-1426\" data-elementor-post-type=\"page\">\n\t\t\t\t<div class=\"elementor-element elementor-element-8e6f786 e-flex e-con-boxed e-con e-parent\" data-id=\"8e6f786\" data-element_type=\"container\" data-e-type=\"container\" data-settings=\"{&quot;background_background&quot;:&quot;classic&quot;}\">\n\t\t\t\t\t<div class=\"e-con-inner\">\n\t\t\t\t<div class=\"elementor-element elementor-element-3a8d08e elementor-widget elementor-widget-heading\" data-id=\"3a8d08e\" data-element_type=\"widget\" data-e-type=\"widget\" data-widget_type=\"heading.default\">\n\t\t\t\t\t<h1 class=\"elementor-heading-title elementor-size-default\">CONTACT<\/h1>\t\t\t\t<\/div>\n\t\t\t\t<div class=\"elementor-element elementor-element-a9f0729 elementor-align-center elementor-widget elementor-widget-breadcrumbs\" data-id=\"a9f0729\" data-element_type=\"widget\" data-e-type=\"widget\" data-widget_type=\"breadcrumbs.default\">\n\t\t\t\t\t<p id=\"breadcrumbs\"><span><span><a href=\"https:\/\/equipo18.com\/en\/\">Home<\/a><\/span><\/span><\/p>\t\t\t\t<\/div>\n\t\t\t\t\t<\/div>\n\t\t\t\t<\/div>\n\t\t<div class=\"elementor-element elementor-element-1d7e1a0 e-flex e-con-boxed e-con e-parent\" data-id=\"1d7e1a0\" data-element_type=\"container\" data-e-type=\"container\">\n\t\t\t\t\t<div class=\"e-con-inner\">\n\t\t\t\t<div class=\"elementor-element elementor-element-5ebe6f8 elementor-widget elementor-widget-text-editor\" data-id=\"5ebe6f8\" data-element_type=\"widget\" data-e-type=\"widget\" data-widget_type=\"text-editor.default\">\n\t\t\t\t\t\t\t\t\t<p>At Team 18, we turn your ideas into built realities. From architectural conception to real estate mediation, we handle each project with professionalism and dedication. Contact us to explore how we can elevate your construction and design projects to the next level. We are ready to advise you every step of the way and turn every detail into excellence.<\/p>\t\t\t\t\t\t\t\t<\/div>\n\t\t\t\t\t<\/div>\n\t\t\t\t<\/div>\n\t\t<div class=\"elementor-element elementor-element-4af90d2 e-flex e-con-boxed e-con e-parent\" data-id=\"4af90d2\" data-element_type=\"container\" data-e-type=\"container\">\n\t\t\t\t\t<div class=\"e-con-inner\">\n\t\t<div class=\"elementor-element elementor-element-226330e e-con-full e-flex e-con e-child\" data-id=\"226330e\" data-element_type=\"container\" data-e-type=\"container\">\n\t\t\t\t<div class=\"elementor-element elementor-element-0af7d77 elementor-widget elementor-widget-image\" data-id=\"0af7d77\" data-element_type=\"widget\" data-e-type=\"widget\" data-widget_type=\"image.default\">\n\t\t\t\t\t\t\t\t\t\t\t\t\t\t\t<img fetchpriority=\"high\" decoding=\"async\" width=\"594\" height=\"513\" src=\"https:\/\/equipo18.com\/wp-content\/uploads\/2026\/03\/h5-bg1.png\" class=\"attachment-large size-large wp-image-1734\" alt=\"\" srcset=\"https:\/\/equipo18.com\/wp-content\/uploads\/2026\/03\/h5-bg1.png 594w, https:\/\/equipo18.com\/wp-content\/uploads\/2026\/03\/h5-bg1-300x259.png 300w\" sizes=\"(max-width: 594px) 100vw, 594px\" \/>\t\t\t\t\t\t\t\t\t\t\t\t\t\t\t<\/div>\n\t\t\t\t<\/div>\n\t\t<div class=\"elementor-element elementor-element-3bcb30c e-con-full e-flex elementor-invisible e-con e-child\" data-id=\"3bcb30c\" data-element_type=\"container\" data-e-type=\"container\" data-settings=\"{&quot;background_background&quot;:&quot;classic&quot;,&quot;animation&quot;:&quot;zoomIn&quot;}\">\n\t\t\t\t<div class=\"elementor-element elementor-element-38374dc elementor-widget elementor-widget-heading\" data-id=\"38374dc\" data-element_type=\"widget\" data-e-type=\"widget\" data-widget_type=\"heading.default\">\n\t\t\t\t\t<h3 class=\"elementor-heading-title elementor-size-default\">Connect with Us<\/h3>\t\t\t\t<\/div>\n\t\t\t\t<div class=\"elementor-element elementor-element-74a13c3 elementor-widget elementor-widget-text-editor\" data-id=\"74a13c3\" data-element_type=\"widget\" data-e-type=\"widget\" data-widget_type=\"text-editor.default\">\n\t\t\t\t\t\t\t\t\t<p>Fill out the form to take the first step toward your project. At Equipo 18, we are ready to listen to your ideas and offer you the best solutions in Construction Project Management, Full Renovations, and Real Estate Brokerage services, providing efficient solutions tailored to your needs. Send us your information and let\u2019s start making it a reality<\/p>\t\t\t\t\t\t\t\t<\/div>\n\t\t\t\t<div class=\"elementor-element elementor-element-64f978c elementor-button-align-stretch elementor-widget elementor-widget-form\" data-id=\"64f978c\" data-element_type=\"widget\" data-e-type=\"widget\" data-settings=\"{&quot;step_next_label&quot;:&quot;Siguiente&quot;,&quot;step_previous_label&quot;:&quot;Anterior&quot;,&quot;button_width&quot;:&quot;100&quot;,&quot;step_type&quot;:&quot;number_text&quot;,&quot;step_icon_shape&quot;:&quot;circle&quot;}\" data-widget_type=\"form.default\">\n\t\t\t\t\t\t\t<form class=\"elementor-form\" method=\"post\" name=\"Nuevo formulario\" aria-label=\"Nuevo formulario\">\n\t\t\t<input type=\"hidden\" name=\"post_id\" value=\"1426\"\/>\n\t\t\t<input type=\"hidden\" name=\"form_id\" value=\"64f978c\"\/>\n\t\t\t<input type=\"hidden\" name=\"referer_title\" value=\"Contacto | Comprar Piso en Madrid con Asesor\u00eda Profesional\" \/>\n\n\t\t\t\t\t\t\t<input type=\"hidden\" name=\"queried_id\" value=\"1426\"\/>\n\t\t\t\n\t\t\t<div class=\"elementor-form-fields-wrapper elementor-labels-\">\n\t\t\t\t\t\t\t\t<div class=\"elementor-field-type-text elementor-field-group elementor-column elementor-field-group-name elementor-col-50\">\n\t\t\t\t\t\t\t\t\t\t\t\t<label for=\"form-field-name\" class=\"elementor-field-label elementor-screen-only\">\n\t\t\t\t\t\t\t\tName\t\t\t\t\t\t\t<\/label>\n\t\t\t\t\t\t\t\t\t\t\t\t\t\t<input size=\"1\" type=\"text\" name=\"form_fields[name]\" id=\"form-field-name\" class=\"elementor-field elementor-size-sm  elementor-field-textual\" placeholder=\"Name\">\n\t\t\t\t\t\t\t\t\t\t\t<\/div>\n\t\t\t\t\t\t\t\t<div class=\"elementor-field-type-text elementor-field-group elementor-column elementor-field-group-field_c8e77d7 elementor-col-50\">\n\t\t\t\t\t\t\t\t\t\t\t\t<label for=\"form-field-field_c8e77d7\" class=\"elementor-field-label elementor-screen-only\">\n\t\t\t\t\t\t\t\tPhone\t\t\t\t\t\t\t<\/label>\n\t\t\t\t\t\t\t\t\t\t\t\t\t\t<input size=\"1\" type=\"text\" name=\"form_fields[field_c8e77d7]\" id=\"form-field-field_c8e77d7\" class=\"elementor-field elementor-size-sm  elementor-field-textual\" placeholder=\"Phone\">\n\t\t\t\t\t\t\t\t\t\t\t<\/div>\n\t\t\t\t\t\t\t\t<div class=\"elementor-field-type-email elementor-field-group elementor-column elementor-field-group-email elementor-col-100 elementor-field-required\">\n\t\t\t\t\t\t\t\t\t\t\t\t<label for=\"form-field-email\" class=\"elementor-field-label elementor-screen-only\">\n\t\t\t\t\t\t\t\tEmail\t\t\t\t\t\t\t<\/label>\n\t\t\t\t\t\t\t\t\t\t\t\t\t\t<input size=\"1\" type=\"email\" name=\"form_fields[email]\" id=\"form-field-email\" class=\"elementor-field elementor-size-sm  elementor-field-textual\" placeholder=\"Email\" required=\"required\">\n\t\t\t\t\t\t\t\t\t\t\t<\/div>\n\t\t\t\t\t\t\t\t<div class=\"elementor-field-type-textarea elementor-field-group elementor-column elementor-field-group-message elementor-col-100\">\n\t\t\t\t\t\t\t\t\t\t\t\t<label for=\"form-field-message\" class=\"elementor-field-label elementor-screen-only\">\n\t\t\t\t\t\t\t\tMessage\t\t\t\t\t\t\t<\/label>\n\t\t\t\t\t\t<textarea class=\"elementor-field-textual elementor-field  elementor-size-sm\" name=\"form_fields[message]\" id=\"form-field-message\" rows=\"4\" placeholder=\"Message\"><\/textarea>\t\t\t\t<\/div>\n\t\t\t\t\t\t\t\t<div class=\"elementor-field-type-acceptance elementor-field-group elementor-column elementor-field-group-field_340a919 elementor-col-100\">\n\t\t\t\t\t\t\t<div class=\"elementor-field-subgroup\">\n\t\t\t<span class=\"elementor-field-option\">\n\t\t\t\t<input type=\"checkbox\" name=\"form_fields[field_340a919]\" id=\"form-field-field_340a919\" class=\"elementor-field elementor-size-sm  elementor-acceptance-field\">\n\t\t\t\t<label for=\"form-field-field_340a919\">I have read and accept <a href=\"\/privacy-policy\"> the privacy policy<\/a><\/label>\t\t\t<\/span>\n\t\t<\/div>\n\t\t\t\t\t\t<\/div>\n\t\t\t\t\t\t\t\t<div class=\"elementor-field-group elementor-column elementor-field-type-submit elementor-col-100 e-form__buttons\">\n\t\t\t\t\t<button class=\"elementor-button elementor-size-sm\" type=\"submit\">\n\t\t\t\t\t\t<span class=\"elementor-button-content-wrapper\">\n\t\t\t\t\t\t\t\t\t\t\t\t\t\t\t\t\t\t\t\t\t\t<span class=\"elementor-button-text\">SEND MESSAGE<\/span>\n\t\t\t\t\t\t\t\t\t\t\t\t\t<\/span>\n\t\t\t\t\t<\/button>\n\t\t\t\t<\/div>\n\t\t\t<\/div>\n\t\t<\/form>\n\t\t\t\t\t\t<\/div>\n\t\t\t\t<\/div>\n\t\t\t\t\t<\/div>\n\t\t\t\t<\/div>\n\t\t\t\t<\/div>\n\t\t","protected":false},"excerpt":{"rendered":"<p>CONTACT At Team 18, we turn your ideas into built realities. From architectural conception to real estate mediation, we handle each project with professionalism and dedication. Contact us to explore how we can elevate your construction and design projects to the next level. We are ready to advise you every step of the way and [&hellip;]<\/p>\n","protected":false},"author":1,"featured_media":0,"parent":0,"menu_order":0,"comment_status":"closed","ping_status":"closed","template":"","meta":{"_joinchat":[],"footnotes":""},"class_list":["post-1426","page","type-page","status-publish","hentry"],"yoast_head":"<!-- This site is optimized with the Yoast SEO plugin v27.4 - https:\/\/yoast.com\/product\/yoast-seo-wordpress\/ -->\n<title>Contacto | Comprar Piso en Madrid con Asesor\u00eda Profesional<\/title>\n<meta name=\"description\" content=\"\u00bfQuieres comprar piso en Madrid? Cont\u00e1ctanos y recibe asesoramiento completo en tu inversi\u00f3n inmobiliaria con un equipo experto a tu lado.\" \/>\n<meta name=\"robots\" content=\"index, follow, max-snippet:-1, max-image-preview:large, max-video-preview:-1\" \/>\n<link rel=\"canonical\" href=\"https:\/\/equipo18.com\/contacto\/\" \/>\n<meta property=\"og:locale\" content=\"en_US\" \/>\n<meta property=\"og:type\" content=\"article\" \/>\n<meta property=\"og:title\" content=\"Contacto | Comprar Piso en Madrid con Asesor\u00eda Profesional\" \/>\n<meta property=\"og:description\" content=\"\u00bfQuieres comprar piso en Madrid? Cont\u00e1ctanos y recibe asesoramiento completo en tu inversi\u00f3n inmobiliaria con un equipo experto a tu lado.\" \/>\n<meta property=\"og:url\" content=\"https:\/\/equipo18.com\/contacto\/\" \/>\n<meta property=\"og:site_name\" content=\"equipo18.com\" \/>\n<meta property=\"article:modified_time\" content=\"2026-04-21T08:53:16+00:00\" \/>\n<meta property=\"og:image\" content=\"https:\/\/equipo18.com\/wp-content\/uploads\/2026\/03\/h5-bg1.png\" \/>\n\t<meta property=\"og:image:width\" content=\"594\" \/>\n\t<meta property=\"og:image:height\" content=\"513\" \/>\n\t<meta property=\"og:image:type\" content=\"image\/png\" \/>\n<meta name=\"twitter:card\" content=\"summary_large_image\" \/>\n<meta name=\"twitter:label1\" content=\"Est. reading time\" \/>\n\t<meta name=\"twitter:data1\" content=\"1 minute\" \/>\n<!-- \/ Yoast SEO plugin. -->","yoast_head_json":{"title":"Contacto | Comprar Piso en Madrid con Asesor\u00eda Profesional","description":"\u00bfQuieres comprar piso en Madrid? Cont\u00e1ctanos y recibe asesoramiento completo en tu inversi\u00f3n inmobiliaria con un equipo experto a tu lado.","robots":{"index":"index","follow":"follow","max-snippet":"max-snippet:-1","max-image-preview":"max-image-preview:large","max-video-preview":"max-video-preview:-1"},"canonical":"https:\/\/equipo18.com\/contacto\/","og_locale":"en_US","og_type":"article","og_title":"Contacto | Comprar Piso en Madrid con Asesor\u00eda Profesional","og_description":"\u00bfQuieres comprar piso en Madrid? Cont\u00e1ctanos y recibe asesoramiento completo en tu inversi\u00f3n inmobiliaria con un equipo experto a tu lado.","og_url":"https:\/\/equipo18.com\/contacto\/","og_site_name":"equipo18.com","article_modified_time":"2026-04-21T08:53:16+00:00","og_image":[{"width":594,"height":513,"url":"https:\/\/equipo18.com\/wp-content\/uploads\/2026\/03\/h5-bg1.png","type":"image\/png"}],"twitter_card":"summary_large_image","twitter_misc":{"Est. reading time":"1 minute"},"schema":{"@context":"https:\/\/schema.org","@graph":[{"@type":"WebPage","@id":"https:\/\/equipo18.com\/contacto\/","url":"https:\/\/equipo18.com\/contacto\/","name":"Contacto | Comprar Piso en Madrid con Asesor\u00eda Profesional","isPartOf":{"@id":"https:\/\/equipo18.com\/#website"},"primaryImageOfPage":{"@id":"https:\/\/equipo18.com\/contacto\/#primaryimage"},"image":{"@id":"https:\/\/equipo18.com\/contacto\/#primaryimage"},"thumbnailUrl":"https:\/\/equipo18.com\/wp-content\/uploads\/2026\/03\/h5-bg1.png","datePublished":"2026-03-04T14:16:05+00:00","dateModified":"2026-04-21T08:53:16+00:00","description":"\u00bfQuieres comprar piso en Madrid? Cont\u00e1ctanos y recibe asesoramiento completo en tu inversi\u00f3n inmobiliaria con un equipo experto a tu lado.","breadcrumb":{"@id":"https:\/\/equipo18.com\/contacto\/#breadcrumb"},"inLanguage":"en-US","potentialAction":[{"@type":"ReadAction","target":["https:\/\/equipo18.com\/contacto\/"]}]},{"@type":"ImageObject","inLanguage":"en-US","@id":"https:\/\/equipo18.com\/contacto\/#primaryimage","url":"https:\/\/equipo18.com\/wp-content\/uploads\/2026\/03\/h5-bg1.png","contentUrl":"https:\/\/equipo18.com\/wp-content\/uploads\/2026\/03\/h5-bg1.png"},{"@type":"BreadcrumbList","@id":"https:\/\/equipo18.com\/contacto\/#breadcrumb","itemListElement":[{"@type":"ListItem","position":1,"name":"Home","item":"https:\/\/equipo18.com\/en\/"},{"@type":"ListItem","position":2,"name":"Contact"}]},{"@type":"WebSite","@id":"https:\/\/equipo18.com\/#website","url":"https:\/\/equipo18.com\/","name":"equipo18.com","description":"Equipo 18 - Team 18: L\u00edderes en Dise\u00f1o, Ejecuci\u00f3n de Obras, Reformas Integrales e Intermediaci\u00f3n Inmobiliaria","potentialAction":[{"@type":"SearchAction","target":{"@type":"EntryPoint","urlTemplate":"https:\/\/equipo18.com\/?s={search_term_string}"},"query-input":{"@type":"PropertyValueSpecification","valueRequired":true,"valueName":"search_term_string"}}],"inLanguage":"en-US"}]}},"_links":{"self":[{"href":"https:\/\/equipo18.com\/en\/wp-json\/wp\/v2\/pages\/1426","targetHints":{"allow":["GET"]}}],"collection":[{"href":"https:\/\/equipo18.com\/en\/wp-json\/wp\/v2\/pages"}],"about":[{"href":"https:\/\/equipo18.com\/en\/wp-json\/wp\/v2\/types\/page"}],"author":[{"embeddable":true,"href":"https:\/\/equipo18.com\/en\/wp-json\/wp\/v2\/users\/1"}],"replies":[{"embeddable":true,"href":"https:\/\/equipo18.com\/en\/wp-json\/wp\/v2\/comments?post=1426"}],"version-history":[{"count":17,"href":"https:\/\/equipo18.com\/en\/wp-json\/wp\/v2\/pages\/1426\/revisions"}],"predecessor-version":[{"id":2673,"href":"https:\/\/equipo18.com\/en\/wp-json\/wp\/v2\/pages\/1426\/revisions\/2673"}],"wp:attachment":[{"href":"https:\/\/equipo18.com\/en\/wp-json\/wp\/v2\/media?parent=1426"}],"curies":[{"name":"wp","href":"https:\/\/api.w.org\/{rel}","templated":true}]}}