{"id":1423,"date":"2026-03-05T17:08:25","date_gmt":"2026-03-05T17:08:25","guid":{"rendered":"https:\/\/equipo18.com\/aviso-legal\/"},"modified":"2026-03-20T20:58:51","modified_gmt":"2026-03-20T20:58:51","slug":"aviso-legal","status":"publish","type":"page","link":"https:\/\/equipo18.com\/en\/aviso-legal\/","title":{"rendered":"Legal Info"},"content":{"rendered":"\t\t<div data-elementor-type=\"wp-page\" data-elementor-id=\"1423\" class=\"elementor elementor-1423\" data-elementor-post-type=\"page\">\n\t\t\t\t<div class=\"elementor-element elementor-element-8347fa1 e-flex e-con-boxed e-con e-parent\" data-id=\"8347fa1\" data-element_type=\"container\" data-e-type=\"container\">\n\t\t\t\t\t<div class=\"e-con-inner\">\n\t\t\t\t<div class=\"elementor-element elementor-element-381da5f elementor-widget elementor-widget-heading\" data-id=\"381da5f\" data-element_type=\"widget\" data-e-type=\"widget\" data-widget_type=\"heading.default\">\n\t\t\t\t\t<h2 class=\"elementor-heading-title elementor-size-default\">AVISO LEGAL<\/h2>\t\t\t\t<\/div>\n\t\t\t\t<div class=\"elementor-element elementor-element-c383f2b elementor-widget elementor-widget-text-editor\" data-id=\"c383f2b\" data-element_type=\"widget\" data-e-type=\"widget\" data-widget_type=\"text-editor.default\">\n\t\t\t\t\t\t\t\t\t<p>Esta web es un espacio seguro. Equipo18 respeta la privacidad de sus usuarios y ha adecuado este portal a la Ley 34\/2002, de 11 de julio, de Servicios de la Sociedad de la informaci\u00f3n y de Comercio Electr\u00f3nico.(LSSI)<\/p>\n<p>Por este motivo le informamos que:<\/p>\n<ul>\n<li>\n<div class=\"gmail_default\">La denominaci\u00f3n social es: EQUIPO 18 REAL ESTATE, S.R.L.<\/div>\n<div class=\"gmail_default\">El CIF es&nbsp;B87824553<\/div>\n<div class=\"gmail_default\">\n<p>Su actividad social es La adquisici\u00f3n, parcelaci\u00f3n, urbanizaci\u00f3n, explotaci\u00f3n y venta de terrenos; la promoci\u00f3n, edificaci\u00f3n y venta de viviendas, locales y edificios; y la explotaci\u00f3n en arrendamiento de inmuebles, pisos y locales. Todo ello incluso en relaci\u00f3n a viviendas de protecci\u00f3n oficial.<\/p>\n<\/div>\n<\/li>\n<\/ul>\n<h4><b>CONDICIONES GENERALES DEL PORTAL EQUIPO 18<\/b><\/h4>\n<p>Las presentes Condiciones Generales regulan el uso (incluyendo el mero acceso) de las p\u00e1ginas web integrantes del sitio web <a href=\"https:\/\/equipo18.com\" target=\"_blank\" rel=\"noopener\">equipo18.com<\/a> incluidos los contenidos y servicios puestos a disposici\u00f3n en ellas.<\/p>\n<p>Toda persona que acceda al portal <a href=\"https:\/\/equipo18.com\">equipo18.com<\/a> (\u201cUsuario\u201d) acepta someterse a las Condiciones Generales vigentes en cada momento en que acceda al el portal.<\/p>\n<p>En todo caso, <a href=\"https:\/\/equipo18.com\">equipo18.com<\/a> se reserva el derecho de modificar, en cualquier momento y sin necesidad de previo aviso, la presentaci\u00f3n y configuraci\u00f3n del portal as\u00ed como las presentes Condiciones Generales o las correspondientes Condiciones Particulares.<\/p>\n<h4><b>Uso del portal equipo18.com<\/b><\/h4>\n<p>Usted acepta que:<\/p>\n<ol>\n<li>Solamente podr\u00e1 hacer Usted uso del sitio web para realizar consultas o solicitudes legalmente v\u00e1lidas.<\/li>\n<li>No podr\u00e1 realizar ninguna solicitud especulativa, falsa o fraudulenta. Si tenemos motivos razonables para considerar que se ha hecho una solicitud de esta \u00edndole estaremos autorizados a anularlo e informar a las autoridades pertinentes.<\/li>\n<li>Tambi\u00e9n se obliga Usted a facilitarnos de manera cierta y correcta su direcci\u00f3n de correo electr\u00f3nico, direcci\u00f3n postal y\/u otros datos de contacto y consiente que podremos hacer uso de esta informaci\u00f3n para ponernos en contacto con Usted si es necesario (ver nuestra Declaraci\u00f3n de Privacidad).<\/li>\n<li>Si no nos facilita Usted toda la informaci\u00f3n que necesitamos, no podremos cursar su solicitud.<\/li>\n<li>El presente aviso legal (en adelante, el \u201cAviso Legal\u201d) regula el uso del sitio web: <a href=\"https:\/\/equipo18.com\">equipo18.com<\/a><br><br><\/li>\n<\/ol>\n<h4><b>PROTECCI\u00d3N DE DATOS DE EQUIPO 18<\/b><\/h4>\n<p>equipo18.com se compromete en la utilizaci\u00f3n de los datos incluidos en el fichero, a respetar su confidencialidad y a utilizarlos de acuerdo con la finalidad del mismo, as\u00ed como a dar cumplimiento a su obligaci\u00f3n de guardarlos y adaptar todas las medidas para evitar la alteraci\u00f3n, p\u00e9rdida, tratamiento o acceso no autorizado, de conformidad con lo establecido en el Real Decreto 1720\/2007 de 21 de diciembre por el que se aprueba el Reglamento de desarrollo de la Ley Org\u00e1nica 15\/1999 de 13 de diciembre, de Protecci\u00f3n de Datos de Car\u00e1cter Personal.<\/p>\n<p><a href=\"https:\/\/equipo18.com\">equipo18.com<\/a> jam\u00e1s compartir\u00e1 datos de los usuarios de la web con terceros a menos que los usuarios hayan sido informados previamente y contemos con su autorizaci\u00f3n expresa.<\/p>\n<p>De igual forma, el Usuario tiene acceso en todo momento a su perfil privado pudiendo modificar, editar o eliminar la informaci\u00f3n proporcionada, as\u00ed como gestionar su baja directamente, o mediante solicitud dirigida a info@equipo18.com<br><br><\/p>\n<h4><b>DATOS PERSONALES QUE RECOGE Y GESTIONA EL PORTAL EQUIPO18.COM<\/b><\/h4>\n<p>En el sitio web existe la posibilidad de suscribirse a sistemas de seguimiento autom\u00e1tico y Newsletter para recibir las novedades.<\/p>\n<p>Si utiliza filtros de spam, por favor, a\u00f1ada nuestro servicio de correo electr\u00f3nico a la direcci\u00f3n de su lista de remitentes permitidos.<\/p>\n<p>En todos los casos en donde nos remita sus datos a trav\u00e9s de algunos de los formularios de suscripci\u00f3n de la web, verificaremos su direcci\u00f3n de correo electr\u00f3nico a trav\u00e9s de un sistema de verificaci\u00f3n.<\/p>\n<p>Busque en la bandeja de entrada de su email. Recibir\u00e1 un mensaje enviado desde la direcci\u00f3n info@equipo18.com con el asunto \u201c Confirma tu alta. Deber\u00e1 confirmar su suscripci\u00f3n para que podamos validar su direcci\u00f3n de correo electr\u00f3nico.<\/p>\n<p>Utilizaremos los datos facilitados para enviarle nuestra Newsletter, activar su alta en el curso correspondiente y mantenerlo actualizado sobre novedades y ofertas puntuales, exclusivas para suscriptores. <a href=\"https:\/\/equipo18.com\">equipo18.com<\/a> no almacena las direcciones de correo que no hayan sido verificadas.<\/p>\n<p>Usted podr\u00e1 darse de baja en cualquier momento de los servicios prestados por <a href=\"https:\/\/equipo18.com\">equipo18.com<\/a> en la misma Newsletter o requerirlo mediante correo electr\u00f3nico info@equipo18.com<\/p>\n<p>Su informaci\u00f3n est\u00e1 protegida de acuerdo a nuestra pol\u00edtica de privacidad y t\u00e9rminos de servicio.<\/p>\n<p>Al activar una suscripci\u00f3n, usted comprende y acepta que:<\/p>\n<p>Desde el momento en que efect\u00faa su suscripci\u00f3n, <a href=\"https:\/\/equipo18.com\">equipo18.com<\/a> tiene acceso a: Nombre de usuario y correo electr\u00f3nico.<\/p>\n<p>El usuario tiene seg\u00fan el art\u00edculo 5 d) de la Ley Org\u00e1nica de Protecci\u00f3n de Datos de Car\u00e1cter Personal derecho de acceso, rectificaci\u00f3n, cancelaci\u00f3n y oposici\u00f3n. Podr\u00e1 ejercer estos derechos enviando un correo electr\u00f3nico a info@equipo18.com desde la misma direcci\u00f3n que us\u00f3 para el alta.<\/p>\n<p>En cada recepci\u00f3n de un correo electr\u00f3nico el usuario tendr\u00e1 la posibilidad de ejercer sus derechos de cancelaci\u00f3n y rectificaci\u00f3n pinchando los enlaces que encontrar\u00e1 al final del correo.<br><br><\/p>\n<h4><b>USO Y ACCESO DE USUARIOS<\/b><\/h4>\n<p>El Usuario queda informado, y acepta, que el acceso a la presente web no supone, en modo alguno, el inicio de una relaci\u00f3n comercial con <a href=\"https:\/\/equipo18.com\">equipo18.com<\/a><\/p>\n<p>De esta forma, el usuario se compromete a utilizar el sitio Web, sus servicios y contenidos sin contravenir la legislaci\u00f3n vigente, la buena fe y el orden p\u00fablico. Queda prohibido el uso de la web con fines il\u00edcitos o lesivos, o que, de cualquier forma, puedan causar perjuicio o impedir el normal funcionamiento del sitio web. Respecto de los contenidos de este site, se proh\u00edbe:<\/p>\n<ul>\n<li>Su reproducci\u00f3n, distribuci\u00f3n o modificaci\u00f3n, total o parcial, a menos que se cuente con la autorizaci\u00f3n de sus leg\u00edtimos titulares;<\/li>\n<li>Cualquier vulneraci\u00f3n de los derechos del prestador o de los leg\u00edtimos titulares;<\/li>\n<li>Su utilizaci\u00f3n para fines comerciales o publicitarios.<br><br><\/li>\n<\/ul>\n<h4><b>DERECHOS DE PROPIEDAD INTELECTUAL E INDUSTRIAL<\/b><\/h4>\n<p>Mediante estas Condiciones Generales no se cede ning\u00fan derecho de propiedad intelectual o industrial sobre el portal equipo18.com ni sobre ninguno de sus elementos integrantes, quedando expresamente prohibidos al Usuario la reproducci\u00f3n, transformaci\u00f3n, distribuci\u00f3n, comunicaci\u00f3n p\u00fablica, puesta a disposici\u00f3n del p\u00fablico, extracci\u00f3n, reutilizaci\u00f3n, reenv\u00edo o la utilizaci\u00f3n de cualquier naturaleza, por cualquier medio o procedimiento, de cualquiera de ellos, salvo en los casos en que est\u00e9 legalmente permitido o sea autorizado por el titular de los correspondientes derechos.<\/p>\n<p>El usuario conoce y acepta que la totalidad del sitio web, conteniendo sin car\u00e1cter exhaustivo el texto, software, contenidos (incluyendo estructura, selecci\u00f3n, ordenaci\u00f3n y presentaci\u00f3n de los mismos) fotograf\u00edas, material audiovisual y gr\u00e1ficos, est\u00e1 protegida por marcas, derechos de autor y otros derechos leg\u00edtimos registrados, de acuerdo con los tratados internacionales en los que Espa\u00f1a es parte y otros derechos de propiedad y leyes de Espa\u00f1a.<br><br><\/p>\n<h4><b>Enlaces<\/b><\/h4>\n<p>Las p\u00e1ginas del portal <a href=\"https:\/\/equipo18.com\">equipo18.com<\/a> proporcionan enlaces a otros sitios web propios y contenidos que son propiedad de terceros como redes sociales para compartir contenidos. El \u00fanico objeto de los enlaces es proporcionar al Usuario la posibilidad de acceder a dichos enlaces, aunque <a href=\"https:\/\/equipo18.com\">equipo18.com<\/a> no ofrece ni comercializa por s\u00ed ni por medio de terceros la informaci\u00f3n, contenidos y servicios disponibles en los sitios enlazados, ni aprueba, supervisa o controla en modo alguno los contenidos y servicios y cualquier material de cualquier naturaleza existente en los mismos.<\/p>\n<p><a href=\"https:\/\/equipo18.com\">equipo18.com<\/a> no se responsabiliza en ning\u00fan caso de los resultados que puedan derivarse al Usuario por acceso a dichos enlaces.<\/p>\n<p>El Usuario que se proponga establecer cualquier dispositivo t\u00e9cnico de enlace desde su sitio web al portal deber\u00e1 obtener la autorizaci\u00f3n previa y escrita de <a href=\"https:\/\/equipo18.com\">equipo18.com<\/a>. El establecimiento del enlace no implica en ning\u00fan caso la existencia de relaciones entre <a href=\"https:\/\/equipo18.com\">equipo18.com<\/a> y el propietario del sitio en el que se establezca el enlace, ni la aceptaci\u00f3n o aprobaci\u00f3n por parte de <a href=\"https:\/\/equipo18.com\">equipo18.com<\/a> de sus contenidos o servicios.<\/p>\n<h4><b>EXCLUSI\u00d3N DE GARANT\u00cdAS Y RESPONSABILIDAD<\/b><\/h4>\n<p><a href=\"https:\/\/equipo18.com\">equipo18.com<\/a> no otorga ninguna garant\u00eda ni se hace responsable, en ning\u00fan caso, de los da\u00f1os y perjuicios de cualquier naturaleza que pudieran traer causa de:<\/p>\n<ul>\n<li>la falta de disponibilidad, mantenimiento y efectivo funcionamiento de la web o de sus servicios y contenidos;<\/li>\n<li>la existencia de virus, programas maliciosos o lesivos en los contenidos;<\/li>\n<li>El uso il\u00edcito, negligente, fraudulento o contrario a este Aviso Legal;<\/li>\n<li>La falta de licitud, calidad, fiabilidad, utilidad y disponibilidad de los servicios prestados por terceros y puestos a disposici\u00f3n de los usuarios en el sitio web.<\/li>\n<\/ul>\n<p>El prestador no se hace responsable bajo ning\u00fan concepto de los da\u00f1os que pudieran dimanar del uso ilegal o indebido de la presente p\u00e1gina web.<br><br><\/p>\n<h4><b>LEGISLACI\u00d3N<\/b><\/h4>\n<p>Con car\u00e1cter general las relaciones entre equipo18.com con los Usuarios de sus servicios telem\u00e1ticos, presentes en este sitio web, se encuentran sometidas a la legislaci\u00f3n y jurisdicci\u00f3n espa\u00f1olas.<\/p>\n<h4><b>DIRECCIONES DE CONTACTO<\/b><\/h4>\n<p>En caso de que cualquier Usuario tuviese alguna duda acerca de estas Condiciones Generales o cualquier comentario sobre el portal equipo18.com, por favor dir\u00edjase a info@equipo18.com.<\/p>\t\t\t\t\t\t\t\t<\/div>\n\t\t\t\t\t<\/div>\n\t\t\t\t<\/div>\n\t\t\t\t<\/div>\n\t\t","protected":false},"excerpt":{"rendered":"<p>AVISO LEGAL Esta web es un espacio seguro. Equipo18 respeta la privacidad de sus usuarios y ha adecuado este portal a la Ley 34\/2002, de 11 de julio, de Servicios de la Sociedad de la informaci\u00f3n y de Comercio Electr\u00f3nico.(LSSI) Por este motivo le informamos que: La denominaci\u00f3n social es: EQUIPO 18 REAL ESTATE, S.R.L. [&hellip;]<\/p>\n","protected":false},"author":1,"featured_media":0,"parent":0,"menu_order":0,"comment_status":"closed","ping_status":"closed","template":"","meta":{"_joinchat":[],"footnotes":""},"class_list":["post-1423","page","type-page","status-publish","hentry"],"yoast_head":"<!-- This site is optimized with the Yoast SEO plugin v27.4 - https:\/\/yoast.com\/product\/yoast-seo-wordpress\/ -->\n<title>Legal Info - equipo18.com<\/title>\n<meta name=\"robots\" content=\"index, follow, max-snippet:-1, max-image-preview:large, max-video-preview:-1\" \/>\n<link rel=\"canonical\" href=\"https:\/\/equipo18.com\/en\/aviso-legal\/\" \/>\n<meta property=\"og:locale\" content=\"en_US\" \/>\n<meta property=\"og:type\" content=\"article\" \/>\n<meta property=\"og:title\" content=\"Legal Info - equipo18.com\" \/>\n<meta property=\"og:description\" content=\"AVISO LEGAL Esta web es un espacio seguro. Equipo18 respeta la privacidad de sus usuarios y ha adecuado este portal a la Ley 34\/2002, de 11 de julio, de Servicios de la Sociedad de la informaci\u00f3n y de Comercio Electr\u00f3nico.(LSSI) Por este motivo le informamos que: La denominaci\u00f3n social es: EQUIPO 18 REAL ESTATE, S.R.L. [&hellip;]\" \/>\n<meta property=\"og:url\" content=\"https:\/\/equipo18.com\/en\/aviso-legal\/\" \/>\n<meta property=\"og:site_name\" content=\"equipo18.com\" \/>\n<meta property=\"article:modified_time\" content=\"2026-03-20T20:58:51+00:00\" \/>\n<meta name=\"twitter:card\" content=\"summary_large_image\" \/>\n<meta name=\"twitter:label1\" content=\"Est. reading time\" \/>\n\t<meta name=\"twitter:data1\" content=\"7 minutes\" \/>\n<!-- \/ Yoast SEO plugin. -->","yoast_head_json":{"title":"Legal Info - equipo18.com","robots":{"index":"index","follow":"follow","max-snippet":"max-snippet:-1","max-image-preview":"max-image-preview:large","max-video-preview":"max-video-preview:-1"},"canonical":"https:\/\/equipo18.com\/en\/aviso-legal\/","og_locale":"en_US","og_type":"article","og_title":"Legal Info - equipo18.com","og_description":"AVISO LEGAL Esta web es un espacio seguro. Equipo18 respeta la privacidad de sus usuarios y ha adecuado este portal a la Ley 34\/2002, de 11 de julio, de Servicios de la Sociedad de la informaci\u00f3n y de Comercio Electr\u00f3nico.(LSSI) Por este motivo le informamos que: La denominaci\u00f3n social es: EQUIPO 18 REAL ESTATE, S.R.L. [&hellip;]","og_url":"https:\/\/equipo18.com\/en\/aviso-legal\/","og_site_name":"equipo18.com","article_modified_time":"2026-03-20T20:58:51+00:00","twitter_card":"summary_large_image","twitter_misc":{"Est. reading time":"7 minutes"},"schema":{"@context":"https:\/\/schema.org","@graph":[{"@type":"WebPage","@id":"https:\/\/equipo18.com\/en\/aviso-legal\/","url":"https:\/\/equipo18.com\/en\/aviso-legal\/","name":"Legal Info - equipo18.com","isPartOf":{"@id":"https:\/\/equipo18.com\/#website"},"datePublished":"2026-03-05T17:08:25+00:00","dateModified":"2026-03-20T20:58:51+00:00","breadcrumb":{"@id":"https:\/\/equipo18.com\/en\/aviso-legal\/#breadcrumb"},"inLanguage":"en-US","potentialAction":[{"@type":"ReadAction","target":["https:\/\/equipo18.com\/en\/aviso-legal\/"]}]},{"@type":"BreadcrumbList","@id":"https:\/\/equipo18.com\/en\/aviso-legal\/#breadcrumb","itemListElement":[{"@type":"ListItem","position":1,"name":"Home","item":"https:\/\/equipo18.com\/en\/"},{"@type":"ListItem","position":2,"name":"Legal Info"}]},{"@type":"WebSite","@id":"https:\/\/equipo18.com\/#website","url":"https:\/\/equipo18.com\/","name":"equipo18.com","description":"Equipo 18 - Team 18: L\u00edderes en Dise\u00f1o, Ejecuci\u00f3n de Obras, Reformas Integrales e Intermediaci\u00f3n Inmobiliaria","potentialAction":[{"@type":"SearchAction","target":{"@type":"EntryPoint","urlTemplate":"https:\/\/equipo18.com\/?s={search_term_string}"},"query-input":{"@type":"PropertyValueSpecification","valueRequired":true,"valueName":"search_term_string"}}],"inLanguage":"en-US"}]}},"_links":{"self":[{"href":"https:\/\/equipo18.com\/en\/wp-json\/wp\/v2\/pages\/1423","targetHints":{"allow":["GET"]}}],"collection":[{"href":"https:\/\/equipo18.com\/en\/wp-json\/wp\/v2\/pages"}],"about":[{"href":"https:\/\/equipo18.com\/en\/wp-json\/wp\/v2\/types\/page"}],"author":[{"embeddable":true,"href":"https:\/\/equipo18.com\/en\/wp-json\/wp\/v2\/users\/1"}],"replies":[{"embeddable":true,"href":"https:\/\/equipo18.com\/en\/wp-json\/wp\/v2\/comments?post=1423"}],"version-history":[{"count":2,"href":"https:\/\/equipo18.com\/en\/wp-json\/wp\/v2\/pages\/1423\/revisions"}],"predecessor-version":[{"id":1463,"href":"https:\/\/equipo18.com\/en\/wp-json\/wp\/v2\/pages\/1423\/revisions\/1463"}],"wp:attachment":[{"href":"https:\/\/equipo18.com\/en\/wp-json\/wp\/v2\/media?parent=1423"}],"curies":[{"name":"wp","href":"https:\/\/api.w.org\/{rel}","templated":true}]}}