{"id":1422,"date":"2026-03-05T17:08:50","date_gmt":"2026-03-05T17:08:50","guid":{"rendered":"https:\/\/equipo18.com\/politica-de-privacidad\/"},"modified":"2026-03-20T21:00:33","modified_gmt":"2026-03-20T21:00:33","slug":"privacy-policy","status":"publish","type":"page","link":"https:\/\/equipo18.com\/en\/privacy-policy\/","title":{"rendered":"Privacy Policy"},"content":{"rendered":"\t\t<div data-elementor-type=\"wp-page\" data-elementor-id=\"1422\" class=\"elementor elementor-1422\" data-elementor-post-type=\"page\">\n\t\t\t\t<div class=\"elementor-element elementor-element-30b88bb e-flex e-con-boxed e-con e-parent\" data-id=\"30b88bb\" data-element_type=\"container\" data-e-type=\"container\">\n\t\t\t\t\t<div class=\"e-con-inner\">\n\t\t\t\t<div class=\"elementor-element elementor-element-ad915c7 elementor-widget elementor-widget-heading\" data-id=\"ad915c7\" data-element_type=\"widget\" data-e-type=\"widget\" data-widget_type=\"heading.default\">\n\t\t\t\t\t<h2 class=\"elementor-heading-title elementor-size-default\">POLITICA DE PRIVACIDAD<\/h2>\t\t\t\t<\/div>\n\t\t\t\t<div class=\"elementor-element elementor-element-5a205dd elementor-widget elementor-widget-text-editor\" data-id=\"5a205dd\" data-element_type=\"widget\" data-e-type=\"widget\" data-widget_type=\"text-editor.default\">\n\t\t\t\t\t\t\t\t\t<h4><b>REGISTRO DE DATOS DE CAR\u00c1CTER PERSONAL<\/b><\/h4><p>Esta declaraci\u00f3n tiene como finalidad informar a los usuarios de la Pol\u00edtica general de Privacidad y Protecci\u00f3n de Datos Personales seguida por equipo18.com.<\/p><p>Esta Pol\u00edtica de Privacidad podr\u00eda variar en funci\u00f3n de exigencias legislativas o de autorregulaci\u00f3n, por lo que se aconseja a los usuarios que la visiten peri\u00f3dicamente Ser\u00e1 aplicable en caso de que los usuarios decidan rellenar alg\u00fan formulario de cualquiera de sus formularios de contacto donde se recaben datos de car\u00e1cter personal.<\/p><p>Al utilizar los formularios de contacto, observar\u00e1 que algunos campos, como el nombre o el e-mail tienen la marca de un asterisco (*); esto significa que esos campos son obligatorios, y el formulario no podr\u00e1 ser enviado si deja esos campos en blanco. Puede ejercer los derechos de acceso, rectificaci\u00f3n, cancelaci\u00f3n y oposici\u00f3n mediante escrito dirigido a la direcci\u00f3n del responsable antes indicada, siguiendo las formalidades impuestas por la Ley Org\u00e1nica 15\/1999, de 13 de diciembre, de Protecci\u00f3n de Datos de Car\u00e1cter Personal y su Reglamento de Desarrollo.<\/p><p>El env\u00edo de datos de car\u00e1cter personal es obligatorio para contactar y realizar operaciones comerciales con equipo18.com.<\/p><p>Asimismo, el no facilitar los datos personales solicitados o el no aceptar la presente pol\u00edtica de privacidad supone la imposibilidad de suscribirse y procesar las solicitudes realizadas en nuestro portal.<\/p><h4><b>USO Y TRATAMIENTO DE LOS DATOS DE USUARIOS<\/b><\/h4><p>equipo18.com tiene plena conciencia del uso y tratamiento que se debe dar a los datos personales que se puedan requerir o que se puedan obtener de los usuarios en sus p\u00e1ginas web con el fin de gestionar las solicitudes o los servicios requeridos. En ning\u00fan momento har\u00e1 un uso diferente de esta informaci\u00f3n ni compartir\u00e1 datos de usuarios con terceros.<\/p><h4><b>SECRETO Y SEGURIDAD DE LOS DATOS.<\/b><\/h4><p>equipo18.com se comprometen al cumplimiento de su obligaci\u00f3n de secreto de los datos de car\u00e1cter personal y su deber de guardarlos, y adoptar\u00e1n las medidas de \u00edndole t\u00e9cnica y organizativa necesarias que garanticen la seguridad de los datos de car\u00e1cter personal y eviten su alteraci\u00f3n, p\u00e9rdida, tratamiento o acceso no autorizado, habida cuenta del estado de la tecnolog\u00eda, de acuerdo con lo establecido por el RLOPD. Sin embargo, equipo18.com no pueden garantizar la absoluta inexpugnabilidad de la red Internet y por tanto la violaci\u00f3n de los datos mediante accesos fraudulentos a ellos por parte de terceros.<\/p><h4><b>NAVEGACI\u00d3N<\/b><\/h4><p>Al navegar por nuestras p\u00e1ginas webs los servidores de Internet almacenar\u00e1n su direcci\u00f3n IP en los logs de acceso de forma autom\u00e1tica y con la \u00fanica finalidad de permitir el tr\u00e1nsito por Internet, siendo necesario que su equipo facilite esta direcci\u00f3n IP cuando navega por Internet para que las comunicaciones puedan realizarse. Su direcci\u00f3n IP ser\u00e1 utilizada adem\u00e1s para realizar estad\u00edsticas sobre el n\u00famero de visitantes de esta web y su procedencia, de forma totalmente transparente a su navegaci\u00f3n.<\/p><h4><b>EJERCICIO DE LOS DERECHOS DE ACCESO, RECTIFICACI\u00d3N, CANCELACI\u00d3N U OPOSICI\u00d3N.<\/b><\/h4><p>Podr\u00e1 dirigir sus comunicaciones y ejercitar los derechos de acceso, rectificaci\u00f3n, cancelaci\u00f3n y oposici\u00f3n a trav\u00e9s de correo electr\u00f3nico: info@equipo18.com junto con prueba v\u00e1lida en derecho, como fotocopia del D.N.I. o equivalente, indicando en el asunto \u201cPROTECCI\u00d3N DE DATOS\u201d.<\/p><h4><b>ACEPTACI\u00d3N Y CONSENTIMIENTO.<\/b><\/h4><p>El Usuario declara haber sido informado de las condiciones sobre protecci\u00f3n de datos de car\u00e1cter personal, aceptando y consintiendo el tratamiento de los mismos por parte de equipo18.com, en la forma y para las finalidades indicadas en la presente Pol\u00edtica de Privacidad.<\/p><h4><b>CORREOS COMERCIALES.<\/b><\/h4><p>De acuerdo con la LSSICE, equipo18.com no realiza pr\u00e1cticas de SPAM, por lo que no env\u00eda correos comerciales por v\u00eda electr\u00f3nica que no hayan sido previamente solicitados o autorizados por el Usuario. En consecuencia, en cada uno de los formularios habidos en la P\u00e1gina Web, el Usuario tiene la posibilidad de dar su consentimiento expreso para recibir nuestra \u201cNewsletter\u201d, con independencia de la informaci\u00f3n comercial puntualmente solicitada.<\/p>\t\t\t\t\t\t\t\t<\/div>\n\t\t\t\t\t<\/div>\n\t\t\t\t<\/div>\n\t\t\t\t<\/div>\n\t\t","protected":false},"excerpt":{"rendered":"<p>POLITICA DE PRIVACIDAD REGISTRO DE DATOS DE CAR\u00c1CTER PERSONAL Esta declaraci\u00f3n tiene como finalidad informar a los usuarios de la Pol\u00edtica general de Privacidad y Protecci\u00f3n de Datos Personales seguida por equipo18.com. Esta Pol\u00edtica de Privacidad podr\u00eda variar en funci\u00f3n de exigencias legislativas o de autorregulaci\u00f3n, por lo que se aconseja a los usuarios que [&hellip;]<\/p>\n","protected":false},"author":1,"featured_media":0,"parent":0,"menu_order":0,"comment_status":"closed","ping_status":"closed","template":"","meta":{"_joinchat":[],"footnotes":""},"class_list":["post-1422","page","type-page","status-publish","hentry"],"yoast_head":"<!-- This site is optimized with the Yoast SEO plugin v27.4 - https:\/\/yoast.com\/product\/yoast-seo-wordpress\/ -->\n<title>Privacy Policy - equipo18.com<\/title>\n<meta name=\"robots\" content=\"index, follow, max-snippet:-1, max-image-preview:large, max-video-preview:-1\" \/>\n<link rel=\"canonical\" href=\"https:\/\/equipo18.com\/en\/privacy-policy\/\" \/>\n<meta property=\"og:locale\" content=\"en_US\" \/>\n<meta property=\"og:type\" content=\"article\" \/>\n<meta property=\"og:title\" content=\"Privacy Policy - equipo18.com\" \/>\n<meta property=\"og:description\" content=\"POLITICA DE PRIVACIDAD REGISTRO DE DATOS DE CAR\u00c1CTER PERSONAL Esta declaraci\u00f3n tiene como finalidad informar a los usuarios de la Pol\u00edtica general de Privacidad y Protecci\u00f3n de Datos Personales seguida por equipo18.com. Esta Pol\u00edtica de Privacidad podr\u00eda variar en funci\u00f3n de exigencias legislativas o de autorregulaci\u00f3n, por lo que se aconseja a los usuarios que [&hellip;]\" \/>\n<meta property=\"og:url\" content=\"https:\/\/equipo18.com\/en\/privacy-policy\/\" \/>\n<meta property=\"og:site_name\" content=\"equipo18.com\" \/>\n<meta property=\"article:modified_time\" content=\"2026-03-20T21:00:33+00:00\" \/>\n<meta name=\"twitter:card\" content=\"summary_large_image\" \/>\n<meta name=\"twitter:label1\" content=\"Est. reading time\" \/>\n\t<meta name=\"twitter:data1\" content=\"3 minutes\" \/>\n<!-- \/ Yoast SEO plugin. -->","yoast_head_json":{"title":"Privacy Policy - equipo18.com","robots":{"index":"index","follow":"follow","max-snippet":"max-snippet:-1","max-image-preview":"max-image-preview:large","max-video-preview":"max-video-preview:-1"},"canonical":"https:\/\/equipo18.com\/en\/privacy-policy\/","og_locale":"en_US","og_type":"article","og_title":"Privacy Policy - equipo18.com","og_description":"POLITICA DE PRIVACIDAD REGISTRO DE DATOS DE CAR\u00c1CTER PERSONAL Esta declaraci\u00f3n tiene como finalidad informar a los usuarios de la Pol\u00edtica general de Privacidad y Protecci\u00f3n de Datos Personales seguida por equipo18.com. Esta Pol\u00edtica de Privacidad podr\u00eda variar en funci\u00f3n de exigencias legislativas o de autorregulaci\u00f3n, por lo que se aconseja a los usuarios que [&hellip;]","og_url":"https:\/\/equipo18.com\/en\/privacy-policy\/","og_site_name":"equipo18.com","article_modified_time":"2026-03-20T21:00:33+00:00","twitter_card":"summary_large_image","twitter_misc":{"Est. reading time":"3 minutes"},"schema":{"@context":"https:\/\/schema.org","@graph":[{"@type":"WebPage","@id":"https:\/\/equipo18.com\/en\/privacy-policy\/","url":"https:\/\/equipo18.com\/en\/privacy-policy\/","name":"Privacy Policy - equipo18.com","isPartOf":{"@id":"https:\/\/equipo18.com\/#website"},"datePublished":"2026-03-05T17:08:50+00:00","dateModified":"2026-03-20T21:00:33+00:00","breadcrumb":{"@id":"https:\/\/equipo18.com\/en\/privacy-policy\/#breadcrumb"},"inLanguage":"en-US","potentialAction":[{"@type":"ReadAction","target":["https:\/\/equipo18.com\/en\/privacy-policy\/"]}]},{"@type":"BreadcrumbList","@id":"https:\/\/equipo18.com\/en\/privacy-policy\/#breadcrumb","itemListElement":[{"@type":"ListItem","position":1,"name":"Home","item":"https:\/\/equipo18.com\/en\/"},{"@type":"ListItem","position":2,"name":"Privacy Policy"}]},{"@type":"WebSite","@id":"https:\/\/equipo18.com\/#website","url":"https:\/\/equipo18.com\/","name":"equipo18.com","description":"Equipo 18 - Team 18: L\u00edderes en Dise\u00f1o, Ejecuci\u00f3n de Obras, Reformas Integrales e Intermediaci\u00f3n Inmobiliaria","potentialAction":[{"@type":"SearchAction","target":{"@type":"EntryPoint","urlTemplate":"https:\/\/equipo18.com\/?s={search_term_string}"},"query-input":{"@type":"PropertyValueSpecification","valueRequired":true,"valueName":"search_term_string"}}],"inLanguage":"en-US"}]}},"_links":{"self":[{"href":"https:\/\/equipo18.com\/en\/wp-json\/wp\/v2\/pages\/1422","targetHints":{"allow":["GET"]}}],"collection":[{"href":"https:\/\/equipo18.com\/en\/wp-json\/wp\/v2\/pages"}],"about":[{"href":"https:\/\/equipo18.com\/en\/wp-json\/wp\/v2\/types\/page"}],"author":[{"embeddable":true,"href":"https:\/\/equipo18.com\/en\/wp-json\/wp\/v2\/users\/1"}],"replies":[{"embeddable":true,"href":"https:\/\/equipo18.com\/en\/wp-json\/wp\/v2\/comments?post=1422"}],"version-history":[{"count":2,"href":"https:\/\/equipo18.com\/en\/wp-json\/wp\/v2\/pages\/1422\/revisions"}],"predecessor-version":[{"id":1499,"href":"https:\/\/equipo18.com\/en\/wp-json\/wp\/v2\/pages\/1422\/revisions\/1499"}],"wp:attachment":[{"href":"https:\/\/equipo18.com\/en\/wp-json\/wp\/v2\/media?parent=1422"}],"curies":[{"name":"wp","href":"https:\/\/api.w.org\/{rel}","templated":true}]}}